{"id":602,"date":"2025-08-03T19:48:16","date_gmt":"2025-08-03T18:48:16","guid":{"rendered":"https:\/\/hiperbaricna-komora.si\/o-poduzecu\/"},"modified":"2025-09-15T12:31:49","modified_gmt":"2025-09-15T11:31:49","slug":"o-poduzecu","status":"publish","type":"page","link":"https:\/\/hiperbaricna-komora.si\/hr\/o-poduzecu\/","title":{"rendered":"O poduze\u0107u"},"content":{"rendered":"<div class=\"et_pb_section_0 et_pb_section et_section_regular et_flex_section\"><\/div>\n\n<div class=\"et_pb_section_1 et_pb_section et_section_regular et_flex_section et_pb_section_parallax\"><span class=\"et-pb-parallax-wrapper\"><span class=\"et-pb-parallax-background et-pb-parallax-background-module--divi-section-1\" style=\"background-image:url(https:\/\/hiperbaricna-komora.si\/wp-content\/uploads\/2025\/08\/Mehurki.png)\"><\/span><\/span>\n<div class=\"et_pb_row_0 et_pb_row et_flex_row\">\n<div class=\"et_pb_column_0 et_pb_column et-last-child et_flex_column et_pb_css_mix_blend_mode_passthrough et_flex_column_24_24 et_flex_column_24_24_tablet et_flex_column_24_24_phone\">\n<div class=\"et_pb_heading_0 et_pb_heading et_pb_module et_flex_module\"><div class=\"et_pb_heading_container\"><h1 class=\"et_pb_module_header\">O robnoj marki Oxyhelp <\/h1><\/div><\/div>\n<\/div>\n<\/div>\n\n<div class=\"et_pb_row_1 et_pb_row et_flex_row\">\n<div class=\"et_pb_column_1 et_pb_column et_flex_column et_pb_css_mix_blend_mode_passthrough et_flex_column_24_24 et_flex_column_24_24_tablet et_flex_column_24_24_phone\">\n<div class=\"et_pb_text_0 et_pb_text et_pb_bg_layout_light et_pb_module et_flex_module\"><div class=\"et_pb_text_inner\"><h5 style=\"font-weight: 400;\">Promotori zdravlja i dugovje\u010dnosti uz kori\u0161tenje naprednih tehnologija<\/h5>\n<p style=\"font-weight: 400;\"><span>Poduze\u0107e Sceena K<\/span> <span>kao ekskluzivni zastupnik za robnu marku Oxyhelp sastavlja<\/span> dinami\u010dan tim stru\u010dnjaka koje povezuje odu\u0161evljenje biohackingom i predanost trajnom pobolj\u0161anju zdravlja te dobrobiti pojedinaca.<span> Na\u0161 rad motivira uvjerenje<\/span> da svatko ima pravo na u\u010dinkovitu regeneraciju tijela i kvalitetniji \u017eivot. Na\u0161e op\u0161irne izku\u0161nje kako s izvo\u0111enjem hiperbari\u010dnih t<span>retmana<\/span> tako i s prodajom visokokvalitetnih kisikovih komora svrstavaju nas me\u0111u pionire na podru\u010dju inovativnih tehnologija u <span>podr\u0161ci lije\u010denju i br\u017eem oporavku.<\/span> <\/p>\n<\/div><\/div>\n\n<div class=\"et_pb_text_1 et_pb_text et_pb_bg_layout_light et_pb_module et_flex_module\"><div class=\"et_pb_text_inner\"><h5 style=\"font-weight: 400;\">Na\u0161a vizija: bolja kvaliteta \u017eivota<\/h5>\n<p style=\"font-weight: 400;\">Na\u0161a je vizija stvoriti <span>zajednicu<\/span> u kojoj svatko mo\u017ee optimalno pobolj\u0161ati svoje zdravlje i dobrobit. Uz kori\u0161tenje naprednih <span>pristupa<\/span>, kao \u0161to je hiperbari\u010dn<span>i<\/span> kisikov t<span>retman<\/span> (HBOT), \u017eelimo \u0161to \u0161irem krugu ljudi omogu\u0107iti pristup rje\u0161enjima koja dugoro\u010dno pobolj\u0161avaju kvalitetu \u017eivota. S individualiziranim pristupom i jedinstvenim biohacking rje\u0161enjima postavljamo temelje za zdravu budu\u0107nost i bolju kvalitetu \u017eivljenja.  <\/p>\n<\/div><\/div>\n<\/div>\n\n<div class=\"et_pb_column_2 et_pb_column et-last-child et_flex_column et_pb_css_mix_blend_mode_passthrough et_flex_column_24_24 et_flex_column_24_24_tablet et_flex_column_24_24_phone\">\n<div class=\"et_pb_image_0 et_pb_image et_animated et_pb_module et_flex_module preset--module--divi-image--cnjbgdq1s9\"><span class=\"et_pb_image_wrap\"><img loading=\"lazy\" decoding=\"async\" src=\"https:\/\/hiperbaricna-komora.si\/wp-content\/uploads\/2025\/08\/KONTAK_EK2.jpg\" width=\"1180\" height=\"1489\" srcset=\"https:\/\/hiperbaricna-komora.si\/wp-content\/uploads\/2025\/08\/KONTAK_EK2.jpg 1180w, https:\/\/hiperbaricna-komora.si\/wp-content\/uploads\/2025\/08\/KONTAK_EK2-980x1237.jpg 980w, https:\/\/hiperbaricna-komora.si\/wp-content\/uploads\/2025\/08\/KONTAK_EK2-480x606.jpg 480w\" sizes=\"(min-width: 0px) and (max-width: 480px) 480px, (min-width: 481px) and (max-width: 980px) 980px, (min-width: 981px) 1180px, 100vw\" class=\"wp-image-237\" \/><\/span><\/div>\n<\/div>\n<\/div>\n\n<div class=\"et_pb_row_2 et_pb_row et_flex_row\">\n<div class=\"et_pb_column_3 et_pb_column et-last-child et_flex_column et_pb_css_mix_blend_mode_passthrough et_flex_column_24_24 et_flex_column_24_24_tablet et_flex_column_24_24_phone\">\n<div class=\"et_pb_text_2 et_pb_text et_pb_bg_layout_light et_pb_module et_flex_module\"><div class=\"et_pb_text_inner\"><h5 style=\"font-weight: 400;\"><strong>Na\u0161e usluge: rje\u0161enja po mjeri za svaku potrebu<\/strong><\/h5>\n<p style=\"font-weight: 400;\">Svjesni smo da su potrebe na\u0161ih klijenata jedinstvene. Stoga <span>kao zastupnici za Oxhelp<\/span> ne nudimo samo standardna rje\u0161enja, ve\u0107 razvijamo prilago\u0111ena rje\u0161enja koja u potpunosti odgovaraju individualnim zahtjevima. Nudimo cjelovitu podr\u0161ku od prvog savjetovanja, planiranja i dostave do instalacije te dugoro\u010dne podr\u0161ke nakon kupnje. Posebnost na\u0161e ponude je uklju\u010divanje cjelovitog savjetovanja u provedbu HBOT-a u suradnji sa zdr<span>a<\/span>vnicima <span>i terapeutima<\/span>, gdje HBTO djeluje kao provjerenkomplementar<span>ni tretman za br\u017ei oporavak i bolju dobrobit.<\/span>   <\/p>\n<\/div><\/div>\n\n<div class=\"et_pb_text_3 et_pb_text et_pb_bg_layout_light et_pb_module et_flex_module\"><div class=\"et_pb_text_inner\"><h5 style=\"font-weight: 400;\"><strong>HBOT: ulaganje u bolju kvalitetu \u017eivljenja i zdravlja<\/strong><\/h5>\n<p style=\"font-weight: 400;\">Brojna istra\u017eivanja potvr\u0111uju koristi hiperbari\u010dne<span>ga<\/span> kisikove<span>ga<\/span> t<span>retmana<\/span> (HBOT) na razli\u010ditim podru\u010djima \u2013 od br\u017eeg zacjeljivanja rana i smanjenja upala do pobolj\u0161anja kognitivnih funkcija. Posebno je odjeknula studija koja je pokazala produljenje telomera (zavr\u0161nih dijelova kromosoma) kod korisnika HBOT-a, \u0161to je znatno pove\u0107alo zanimanje medicinske zajednice za t<span>aj<\/span> t<span>retman<\/span>. Znanstveni dokazi oja\u010dali su povjerenje u HBOT te pospje\u0161ili nje<span>govo<\/span>prihva\u0107anje u medicinskoj i \u0161iroj zajednici. HBOT ima potencijal za uporabu i <span>kao potpora pri lije\u010denju<\/span> kod neurodegenerativnih bolesti, du\u0161evnih poreme\u0107aja i drugih kroni\u010dnih oboljenja. Zbog sve ve\u0107e popularnosti u wellness centrima, zdravstvenim klinikama i sportskim klubovima HBOT postaje neizostavan dio preventivne medicine i skrbi za op\u0107e zdravlje.    <\/p>\n<\/div><\/div>\n<\/div>\n<\/div>\n<\/div>\n\n<div class=\"et_pb_section_2 et_pb_section et_section_regular et_flex_section\">\n<div class=\"et_pb_row_3 et_pb_row et_flex_row\">\n<div class=\"et_pb_column_4 et_pb_column et-last-child et_flex_column et_pb_css_mix_blend_mode_passthrough et_flex_column_24_24 et_flex_column_24_24_tablet et_flex_column_24_24_phone\">\n<div class=\"et_pb_cta_0 et_pb_promo et_pb_bg_layout_dark et_clickable et_pb_module et_flex_module\"><div class=\"et_pb_promo_description\"><h2 class=\"et_pb_module_header\">\u017delite tretman?<\/h2><div class=\"et_pb_promo_content\"><p>Kliknite i posjetite na\u0161u web stranicu specijaliziranu za tretmane.<\/p>\n<\/div><\/div><div class=\"et_pb_button_wrapper\"><a class=\"et_pb_button et_pb_promo_button\" href=\"https:\/\/info.hiperbaricnakomoracelje.si\">Zanima me tretman<\/a><\/div><\/div>\n<\/div>\n<\/div>\n<\/div>\n\n<div class=\"et_pb_section_3 et_pb_section et_section_regular et_flex_section\">\n<div class=\"et_pb_row_4 et_pb_row et_flex_row\">\n<div class=\"et_pb_column_5 et_pb_column et-last-child et_flex_column et_pb_css_mix_blend_mode_passthrough et_flex_column_24_24 et_flex_column_24_24_tablet et_flex_column_24_24_phone\">\n<div class=\"et_pb_module et_pb_button_module_wrapper et_pb_button_0_wrapper preset--module--divi-button--zigkbutkjg_wrapper\"><a class=\"et_pb_button_0 et_pb_button et_pb_bg_layout_dark et_pb_module et_flex_module preset--module--divi-button--zigkbutkjg\" href=\"https:\/\/hiperbaricna-komora.si\/hr\/obrazac-za-kupnju\/\"> \u017dELIM PONUDU<\/a><\/div>\n<\/div>\n<\/div>\n<\/div>","protected":false},"excerpt":{"rendered":"","protected":false},"author":1,"featured_media":0,"parent":0,"menu_order":0,"comment_status":"closed","ping_status":"closed","template":"","meta":{"footnotes":""},"class_list":["post-602","page","type-page","status-publish","hentry"],"_links":{"self":[{"href":"https:\/\/hiperbaricna-komora.si\/hr\/wp-json\/wp\/v2\/pages\/602","targetHints":{"allow":["GET"]}}],"collection":[{"href":"https:\/\/hiperbaricna-komora.si\/hr\/wp-json\/wp\/v2\/pages"}],"about":[{"href":"https:\/\/hiperbaricna-komora.si\/hr\/wp-json\/wp\/v2\/types\/page"}],"author":[{"embeddable":true,"href":"https:\/\/hiperbaricna-komora.si\/hr\/wp-json\/wp\/v2\/users\/1"}],"replies":[{"embeddable":true,"href":"https:\/\/hiperbaricna-komora.si\/hr\/wp-json\/wp\/v2\/comments?post=602"}],"version-history":[{"count":1,"href":"https:\/\/hiperbaricna-komora.si\/hr\/wp-json\/wp\/v2\/pages\/602\/revisions"}],"predecessor-version":[{"id":603,"href":"https:\/\/hiperbaricna-komora.si\/hr\/wp-json\/wp\/v2\/pages\/602\/revisions\/603"}],"wp:attachment":[{"href":"https:\/\/hiperbaricna-komora.si\/hr\/wp-json\/wp\/v2\/media?parent=602"}],"curies":[{"name":"wp","href":"https:\/\/api.w.org\/{rel}","templated":true}]}}