{"id":590,"date":"2025-08-29T11:26:14","date_gmt":"2025-08-29T10:26:14","guid":{"rendered":"https:\/\/hiperbaricna-komora.si\/uvjeti-i-upotreba\/"},"modified":"2025-09-15T12:31:28","modified_gmt":"2025-09-15T11:31:28","slug":"uvjeti-i-upotreba","status":"publish","type":"page","link":"https:\/\/hiperbaricna-komora.si\/hr\/uvjeti-i-upotreba\/","title":{"rendered":"Uvjeti i upotreba"},"content":{"rendered":"<div class=\"et_pb_section_0 et_pb_section et_section_regular et_flex_section\">\n<div class=\"et_pb_row_0 et_pb_row et_flex_row\">\n<div class=\"et_pb_column_0 et_pb_column et-last-child et_flex_column et_pb_css_mix_blend_mode_passthrough et_flex_column_24_24 et_flex_column_24_24_tablet et_flex_column_24_24_phone\">\n<div class=\"et_pb_text_0 et_pb_text et_pb_bg_layout_light et_pb_module et_flex_module\"><div class=\"et_pb_text_inner\"><p style=\"font-weight: 400;\">Ova web stranica je u vlasni\u0161tvu tvrtke SCEENA K d.o.o. sa sjedi\u0161tem na adresi \u0160tekli\u010deva 6, 3000 Celje, Slovenija, mati\u010dni broj 9467262000 i porezni broj SI16605837.<\/p>\n<h1>Op\u0107e informacije<\/h1>\n<p style=\"font-weight: 400;\">Web stranica\/Web mjesto: Domena <a href=\"http:\/\/www.hiperbaricna-komora.si\/\">www.hiperbaricna-komora.si<\/a> i sve njezine poddomene putem kojih korisnici mogu kupiti ponu\u0111ene proizvode i usluge.<\/p>\n<p style=\"font-weight: 400;\">Korisnik: svaka fizi\u010dka ili pravna osoba koja pristupa web mjestu www.hiperbaricna-komora.si, bez obzira na razlog i opseg upotrebe. Korisnik se obvezuje pristupiti web mjestu i koristiti ga u svrhe i sredstva koja nisu zlouporaba. <\/p>\n<p style=\"font-weight: 400;\">Kampanja je \u010din prikazivanja ograni\u010denog broja robe i\/ili usluga u svrhu promocije za ograni\u010deno vremensko razdoblje koje odredi Sceena K d.o.o.<\/p>\n<h1 style=\"font-weight: 400;\">Uvjeti kori\u0161tenja web mjesta<\/h1>\n<ul style=\"font-weight: 400;\">\n<li>Informacije objavljene na web stranici www.hiperbaricna-komora.si informacije su od op\u0107eg interesa o proizvodima koji se prodaju, kao i druge informacije za koje se smatra da su u interesu korisnika;<\/li>\n<li>Sve su informacije korisnicima dostupne besplatno;<\/li>\n<li>Za slanje narud\u017ebe mo\u017eda \u0107ete morati stvoriti besplatni osobni ra\u010dun ispunjavanjem obrasca za registraciju: svoju adresu e-po\u0161te, lozinku, osobne podatke i adresu za dostavu;<\/li>\n<li>Osobni se podaci koriste isklju\u010divo za obradu poslane narud\u017ebe, za dostavu potro\u0161a\u010du i u marketin\u0161ke svrhe. Podatke ne\u0107emo proslje\u0111ivati tre\u0107oj strani i ne\u0107emo ih koristiti u druge svrhe osim onih koje su navedene; <\/li>\n<\/ul>\n<h1>Informacije o proizvodima<\/h1>\n<ul style=\"font-weight: 400;\">\n<li>Svi proizvodi prikazani na ovoj stranici namijenjeni su prezentaciji i mogu se prodavati na zahtjev. Proizvodi su novi i bit \u0107e im prilo\u017een porezni ra\u010dun, kao \u0161to to zahtijeva va\u017ee\u0107e zakonodavstvo; <\/li>\n<li>Proizvode prikazane na web mjestu mogu\u0107e je naru\u010diti u okviru zaliha s izri\u010ditim zahtjevom tvrtki SCEENA K d.o.o., putem kontakt obrasca ili obrasca za upit za ponudu ili kori\u0161tenjem podataka na kontaktnoj stranici;<\/li>\n<li>Svaki proizvod prikazan na web mjestu sadr\u017ei slike, opise i cijene. Postoji mogu\u0107nost da predstavljene slike ne odgovaraju proizvodu zbog razlika izme\u0111u razli\u010ditih marki ure\u0111aja na kojima gledate proizvod. Ne preuzimamo odgovornost za razlike izme\u0111u boje prikazane na zaslonu va\u0161eg monitora i stvarnog proizvoda;  <\/li>\n<li>Jam\u010dimo autenti\u010dnost svih trgova\u010dkih proizvoda, kao \u0161to je navedeno na web stranici.<\/li>\n<\/ul>\n<h1>Informacije o obavljenim uslugama<\/h1>\n<ul style=\"font-weight: 400;\">\n<li>Sve usluge prikazane na ovoj stranici bit \u0107e opremljene ugovorom i ra\u010dunom prilikom kupnje.<\/li>\n<\/ul>\n<h1>Kontakt informacije<\/h1>\n<ul style=\"font-weight: 400;\">\n<li>Pristup web mjestu, kori\u0161tenje informacija koje su na njemu predstavljene, posjet stranici ili slanje e-po\u0161te ili obavijesti naslovljenih na www.sceena.si, provodi se elektroni\u010dkim putem, telefonom ili na bilo koji drugi na\u010din komunikacije koji je dostupan korisniku i smatra se pristankom na primanje obavijesti s web mjesta <a href=\"http:\/\/www.hiperbaricna-komora.si\/\">www.hiperbaricna-komora.si<\/a> na elektroni\u010dki i\/ili telefonski na\u010din, uklju\u010duju\u0107i komunikaciju putem e-po\u0161te ili putem oglasa na web mjestu. Mo\u017eete nas kontaktirati na sljede\u0107i telefonski broj +386 41 327 531, adresu e-po\u0161te info@sceena.si, fizi\u010dku adresu \u0160tekli\u010deva 6, 3000 Celje, Slovenija. <\/li>\n<li>SCEENA K d.o.o. zadr\u017eava pravo da ne odgovori na sve zahtjeve bilo koje vrste primljene putem bilo kojeg komunikacijskog sredstva (elektroni\u010dkog, telefonskog itd.);<\/li>\n<\/ul>\n<h1>Sporovi i zavr\u0161ne odredbe<\/h1>\n<ul style=\"font-weight: 400;\">\n<li>Tvrtka SCEENA K d.o.o. zadr\u017eava pravo punjenja i mijenjanja informacija na web mjestu bez prethodne obavijesti;<\/li>\n<li>Dru\u0161tvo SCEENA K d.o.o. ne odgovara za \u0161tetu nastalu zbog nedjelovanja web mjesta;<\/li>\n<li>Cjelokupan sadr\u017eaj web mjesta (slike, tekstovi, animacije ili bilo koji drugi podaci) za\u0161ti\u0107en je zakonom o autorskim pravima te intelektualnom i industrijskom vlasni\u0161tvu. Upotreba bilo koje od gore navedenih stavki bez pisanog dopu\u0161tenja tvrtke SCEENA K d.o.o. ka\u017enjiva je u skladu s va\u017ee\u0107im zakonodavstvom; <\/li>\n<li>Svaki spor izme\u0111u korisnika i tvrtke SCEENA K d.o.o. rje\u0161avat \u0107e se sporazumno. Ako sporazumno rje\u0161enje spora ne bude mogu\u0107e, nadle\u017eni su slovenski sudovi. <\/li>\n<\/ul>\n<\/div><\/div>\n<\/div>\n<\/div>\n<\/div>","protected":false},"excerpt":{"rendered":"","protected":false},"author":1,"featured_media":0,"parent":0,"menu_order":0,"comment_status":"closed","ping_status":"closed","template":"","meta":{"footnotes":""},"class_list":["post-590","page","type-page","status-publish","hentry"],"_links":{"self":[{"href":"https:\/\/hiperbaricna-komora.si\/hr\/wp-json\/wp\/v2\/pages\/590","targetHints":{"allow":["GET"]}}],"collection":[{"href":"https:\/\/hiperbaricna-komora.si\/hr\/wp-json\/wp\/v2\/pages"}],"about":[{"href":"https:\/\/hiperbaricna-komora.si\/hr\/wp-json\/wp\/v2\/types\/page"}],"author":[{"embeddable":true,"href":"https:\/\/hiperbaricna-komora.si\/hr\/wp-json\/wp\/v2\/users\/1"}],"replies":[{"embeddable":true,"href":"https:\/\/hiperbaricna-komora.si\/hr\/wp-json\/wp\/v2\/comments?post=590"}],"version-history":[{"count":1,"href":"https:\/\/hiperbaricna-komora.si\/hr\/wp-json\/wp\/v2\/pages\/590\/revisions"}],"predecessor-version":[{"id":591,"href":"https:\/\/hiperbaricna-komora.si\/hr\/wp-json\/wp\/v2\/pages\/590\/revisions\/591"}],"wp:attachment":[{"href":"https:\/\/hiperbaricna-komora.si\/hr\/wp-json\/wp\/v2\/media?parent=590"}],"curies":[{"name":"wp","href":"https:\/\/api.w.org\/{rel}","templated":true}]}}