{"id":588,"date":"2025-08-08T19:21:56","date_gmt":"2025-08-08T18:21:56","guid":{"rendered":"https:\/\/hiperbaricna-komora.si\/visekrevetne-komore-tehnicki-podaci\/"},"modified":"2025-09-15T12:31:28","modified_gmt":"2025-09-15T11:31:28","slug":"visekrevetne-komore-tehnicki-podaci","status":"publish","type":"page","link":"https:\/\/hiperbaricna-komora.si\/hr\/visekrevetne-komore-tehnicki-podaci\/","title":{"rendered":"Vi\u0161ekrevetne komore \u2013 tehni\u010dki podaci"},"content":{"rendered":"<div class=\"et_pb_section_0 et_pb_section et_section_regular et_flex_section\">\n<div class=\"et_pb_row_0 et_pb_row et_flex_row\">\n<div class=\"et_pb_column_0 et_pb_column et-last-child et_flex_column et_pb_css_mix_blend_mode_passthrough et_flex_column_24_24 et_flex_column_24_24_tablet et_flex_column_24_24_phone\">\n<div class=\"et_pb_text_0 et_pb_text et_pb_bg_layout_light et_pb_module et_flex_module\"><div class=\"et_pb_text_inner\"><p><strong>Model OXYHELP C2 ima dva sjedala, a model C3 ima \u010detiri sjedala.<\/strong><\/p>\n<h3>Dvokrevetna komora<\/h3>\n<h4>Dimenzije<\/h4>\n<p>Promjer: gotovo 2 metra<\/p>\n<p>Du\u017eina: pribli\u017eno 2,2 metra<\/p>\n<p>Ukupna visina (s kota\u010dima): pribli\u017eno 2,15 metra<\/p>\n<p>Modularna struktura<\/p>\n<p>Dva velika i dva mala modula<\/p>\n<p>Fleksibilan raspored s mogu\u0107no\u0161\u0107u postavljanja vrata i sjedala na lijevu ili desnu stranu<\/p>\n<h4>Te\u017eina<\/h4>\n<p>Pribli\u017eno 600 kg<\/p>\n<p>Ne zahtijeva posebna oja\u010danja poda<\/p>\n<h4>Potro\u0161nja energije<\/h4>\n<p>Komora: 3000 W<\/p>\n<p>Koncentrator kisika: 2 x 1600 W<\/p>\n<p>Klimatska naprava: 1600 W<\/p>\n<p>Ukupna snaga: 7,8 kW<\/p>\n<p>&nbsp;<\/p>\n<\/div><\/div>\n\n<div class=\"et_pb_divider_0 et_pb_divider et_pb_space et_pb_divider_position_top et_pb_module\"><div class=\"et_pb_divider_internal\"><\/div><\/div>\n\n<div class=\"et_pb_text_1 et_pb_text et_pb_bg_layout_light et_pb_module et_flex_module\"><div class=\"et_pb_text_inner\"><h3>\u010cetverosjede\u0107a komora<\/h3>\n<p><strong>Na\u0161a \u010detverosjede\u0107a komora nudi jo\u0161 vi\u0161e prostora i prilagodljivosti, \u0161to je idealno za ve\u0107e primjene.<\/strong><\/p>\n<h4>Potro\u0161nja energije<\/h4>\n<p>Komora: 3000 W<\/p>\n<p>Koncentrator kisika: 4 x 1600 W<\/p>\n<p>Klimatska naprava: 1600 W<\/p>\n<p>Ukupna snaga: 11 kW<\/p>\n<h4>Dodatna oprema (za sve vi\u0161ekrevetne komore)<\/h4>\n<p>Premium sjedala<\/p>\n<p>Premium LED ulaz<\/p>\n<p>Pasivna LED rasvjeta iznutra i izvana<\/p>\n<p>Personalizacija (ugraviran logotip u podno\u017eje i na komoru)<\/p>\n<p>Poseban pod<\/p>\n<p>Posebne unutarnje i vanjske boje<\/p>\n<p>Jastu\u010di\u0107i crvenog svjetla<\/p>\n<p>Prirodni zvuk<\/p>\n<p>Automatizirani protokoli lije\u010denja<\/p>\n<p>Vanjski zaslon<\/p>\n<p>Automatska vrata<\/p>\n<p>Produljeno jamstvo (3 godine)<\/p>\n<p>Sustav za zabavu<\/p>\n<p>Sklopivi krevet za 1 ili 2 osobe<\/p>\n<p>CO\u2082 senzori<\/p>\n<p>Dodatna kompresijska snaga<\/p>\n<p>Sprava za veslanje ili bicikl<\/p>\n<\/div><\/div>\n\n<div class=\"et_pb_divider_1 et_pb_divider et_pb_space et_pb_divider_position_top et_pb_module\"><div class=\"et_pb_divider_internal\"><\/div><\/div>\n\n<div class=\"et_pb_text_2 et_pb_text et_pb_bg_layout_light et_pb_module et_flex_module\"><div class=\"et_pb_text_inner\"><h4>Garancija<\/h4>\n<p>Na\u0161e komore za kisik imaju osnovno dvogodi\u0161nje jamstvo, koje mo\u017eete produ\u017eiti prilikom kupnje i aktivirati jednogodi\u0161nje produljenje jamstva (ukupno 3 godine jamstva).<\/p>\n<\/div><\/div>\n<\/div>\n<\/div>\n<\/div>","protected":false},"excerpt":{"rendered":"","protected":false},"author":1,"featured_media":0,"parent":0,"menu_order":0,"comment_status":"closed","ping_status":"closed","template":"","meta":{"footnotes":""},"class_list":["post-588","page","type-page","status-publish","hentry"],"_links":{"self":[{"href":"https:\/\/hiperbaricna-komora.si\/hr\/wp-json\/wp\/v2\/pages\/588","targetHints":{"allow":["GET"]}}],"collection":[{"href":"https:\/\/hiperbaricna-komora.si\/hr\/wp-json\/wp\/v2\/pages"}],"about":[{"href":"https:\/\/hiperbaricna-komora.si\/hr\/wp-json\/wp\/v2\/types\/page"}],"author":[{"embeddable":true,"href":"https:\/\/hiperbaricna-komora.si\/hr\/wp-json\/wp\/v2\/users\/1"}],"replies":[{"embeddable":true,"href":"https:\/\/hiperbaricna-komora.si\/hr\/wp-json\/wp\/v2\/comments?post=588"}],"version-history":[{"count":1,"href":"https:\/\/hiperbaricna-komora.si\/hr\/wp-json\/wp\/v2\/pages\/588\/revisions"}],"predecessor-version":[{"id":589,"href":"https:\/\/hiperbaricna-komora.si\/hr\/wp-json\/wp\/v2\/pages\/588\/revisions\/589"}],"wp:attachment":[{"href":"https:\/\/hiperbaricna-komora.si\/hr\/wp-json\/wp\/v2\/media?parent=588"}],"curies":[{"name":"wp","href":"https:\/\/api.w.org\/{rel}","templated":true}]}}