{"id":577,"date":"2025-08-08T19:13:00","date_gmt":"2025-08-08T18:13:00","guid":{"rendered":"https:\/\/hiperbaricna-komora.si\/jednokrevetna-komora-tehnicki-podaci\/"},"modified":"2025-09-15T12:31:14","modified_gmt":"2025-09-15T11:31:14","slug":"jednokrevetna-komora-tehnicki-podaci","status":"publish","type":"page","link":"https:\/\/hiperbaricna-komora.si\/hr\/jednokrevetna-komora-tehnicki-podaci\/","title":{"rendered":"Jednokrevetna komora \u2013 tehni\u010dki podaci"},"content":{"rendered":"<div class=\"et_pb_section_0 et_pb_section et_section_regular et_flex_section\">\n<div class=\"et_pb_row_0 et_pb_row et_flex_row\">\n<div class=\"et_pb_column_0 et_pb_column et-last-child et_flex_column et_pb_css_mix_blend_mode_passthrough et_flex_column_24_24 et_flex_column_24_24_tablet et_flex_column_24_24_phone\">\n<div class=\"et_pb_text_0 et_pb_text et_pb_bg_layout_light et_pb_module et_flex_module\"><div class=\"et_pb_text_inner\"><h4>Tehni\u010dki podaci<\/h4>\n<p>Promjer: \u00d8 0,90 metara<\/p>\n<p>Du\u017eina: 2,30 metara<\/p>\n<p>Te\u017eina: pribli\u017eno 110 kg<\/p>\n<p>Mobilnost: postavljena na kota\u010de za jednostavno premje\u0161tanje i za\u0161titu poda<\/p>\n<h4>Opskrba kisikom<\/h4>\n<p>Koncentrator filtrira kisik iz zraka u prostoriji<\/p>\n<p>Preporu\u010dena uporaba s dotokom svje\u017eeg zraka (otvoren prozor ili ventilacija)<\/p>\n<h4>Potro\u0161nja energije<\/h4>\n<p>Nadzorna plo\u010da komore: 2000 W<\/p>\n<p>Koncentrator kisika: 1600 W<\/p>\n<p>Klimatska naprava: 1500 W<\/p>\n<p>Ukupna snaga: 5,1 kW<\/p>\n<h4>Opseg isporuke<\/h4>\n<p>Kapsula s nadzornom plo\u010dom<\/p>\n<p>Koncentrator kisika<\/p>\n<p>Klimatska naprava<\/p>\n<h4>Dodatna oprema<\/h4>\n<p>Pasivna LED rasvjeta iznutra i izvana<\/p>\n<p>Personalizacija robne marke (logo na komori)<\/p>\n<p>Posebne unutarnje i vanjske boje<\/p>\n<p>Jastu\u010di\u0107i crvenog svjetla<\/p>\n<p>Automatizirani protokoli lije\u010denja<\/p>\n<p>Produljeno jamstvo (3 godine)<\/p>\n<p>Sustav za zabavu<\/p>\n<p>CO\u2082 senzori<\/p>\n<\/div><\/div>\n<\/div>\n<\/div>\n<\/div>","protected":false},"excerpt":{"rendered":"","protected":false},"author":1,"featured_media":0,"parent":0,"menu_order":0,"comment_status":"closed","ping_status":"closed","template":"","meta":{"footnotes":""},"class_list":["post-577","page","type-page","status-publish","hentry"],"_links":{"self":[{"href":"https:\/\/hiperbaricna-komora.si\/hr\/wp-json\/wp\/v2\/pages\/577","targetHints":{"allow":["GET"]}}],"collection":[{"href":"https:\/\/hiperbaricna-komora.si\/hr\/wp-json\/wp\/v2\/pages"}],"about":[{"href":"https:\/\/hiperbaricna-komora.si\/hr\/wp-json\/wp\/v2\/types\/page"}],"author":[{"embeddable":true,"href":"https:\/\/hiperbaricna-komora.si\/hr\/wp-json\/wp\/v2\/users\/1"}],"replies":[{"embeddable":true,"href":"https:\/\/hiperbaricna-komora.si\/hr\/wp-json\/wp\/v2\/comments?post=577"}],"version-history":[{"count":1,"href":"https:\/\/hiperbaricna-komora.si\/hr\/wp-json\/wp\/v2\/pages\/577\/revisions"}],"predecessor-version":[{"id":578,"href":"https:\/\/hiperbaricna-komora.si\/hr\/wp-json\/wp\/v2\/pages\/577\/revisions\/578"}],"wp:attachment":[{"href":"https:\/\/hiperbaricna-komora.si\/hr\/wp-json\/wp\/v2\/media?parent=577"}],"curies":[{"name":"wp","href":"https:\/\/api.w.org\/{rel}","templated":true}]}}